{"id":11,"date":"2025-07-22T13:19:36","date_gmt":"2025-07-22T13:19:36","guid":{"rendered":"https:\/\/requintemarcenaria.com\/services\/"},"modified":"2025-09-11T13:44:01","modified_gmt":"2025-09-11T13:44:01","slug":"servicos","status":"publish","type":"page","link":"https:\/\/requintemarcenaria.com\/?page_id=11","title":{"rendered":"Servi\u00e7os"},"content":{"rendered":"\t\t<div data-elementor-type=\"wp-page\" data-elementor-id=\"11\" class=\"elementor elementor-11\">\n\t\t\t\t<div class=\"elementor-element elementor-element-0ac9d44 e-flex e-con-boxed e-con e-parent\" data-id=\"0ac9d44\" data-element_type=\"container\" data-settings=\"{&quot;background_background&quot;:&quot;classic&quot;}\">\n\t\t\t\t\t<div class=\"e-con-inner\">\n\t\t<div class=\"elementor-element elementor-element-de3bad6 e-con-full e-flex e-con e-child\" data-id=\"de3bad6\" data-element_type=\"container\">\n\t\t\t\t<div class=\"elementor-element elementor-element-ad72e4f elementor-widget elementor-widget-heading\" data-id=\"ad72e4f\" data-element_type=\"widget\" data-widget_type=\"heading.default\">\n\t\t\t\t<div class=\"elementor-widget-container\">\n\t\t\t\t\t<h1 class=\"elementor-heading-title elementor-size-default\">Projetos<\/h1>\t\t\t\t<\/div>\n\t\t\t\t<\/div>\n\t\t\t\t<\/div>\n\t\t\t\t\t<\/div>\n\t\t\t\t<\/div>\n\t\t<div class=\"elementor-element elementor-element-84e5eb4 e-flex e-con-boxed e-con e-parent\" data-id=\"84e5eb4\" data-element_type=\"container\" data-settings=\"{&quot;background_background&quot;:&quot;classic&quot;}\">\n\t\t\t\t\t<div class=\"e-con-inner\">\n\t\t<div class=\"elementor-element elementor-element-ebb2f07 e-con-full e-flex e-con e-child\" data-id=\"ebb2f07\" data-element_type=\"container\">\n\t\t\t\t<div class=\"elementor-element elementor-element-ef26ff0 elementor-widget elementor-widget-heading\" data-id=\"ef26ff0\" data-element_type=\"widget\" data-widget_type=\"heading.default\">\n\t\t\t\t<div class=\"elementor-widget-container\">\n\t\t\t\t\t<h6 class=\"elementor-heading-title elementor-size-default\">Nossos projetos<\/h6>\t\t\t\t<\/div>\n\t\t\t\t<\/div>\n\t\t\t\t<div class=\"elementor-element elementor-element-4dd7fe9 elementor-widget elementor-widget-heading\" data-id=\"4dd7fe9\" data-element_type=\"widget\" data-widget_type=\"heading.default\">\n\t\t\t\t<div class=\"elementor-widget-container\">\n\t\t\t\t\t<h2 class=\"elementor-heading-title elementor-size-default\">Confie na nossa experi\u00eancia<\/h2>\t\t\t\t<\/div>\n\t\t\t\t<\/div>\n\t\t<div class=\"elementor-element elementor-element-9b2f3c1 e-flex e-con-boxed e-con e-child\" data-id=\"9b2f3c1\" data-element_type=\"container\">\n\t\t\t\t\t<div class=\"e-con-inner\">\n\t\t\t\t<div class=\"elementor-element elementor-element-1d70f17 elementor-widget__width-initial elementor-widget-tablet__width-initial elementor-widget-mobile__width-inherit elementor-position-top elementor-widget elementor-widget-image-box\" data-id=\"1d70f17\" data-element_type=\"widget\" data-widget_type=\"image-box.default\">\n\t\t\t\t<div class=\"elementor-widget-container\">\n\t\t\t\t\t<div class=\"elementor-image-box-wrapper\"><figure class=\"elementor-image-box-img\"><img fetchpriority=\"high\" decoding=\"async\" width=\"572\" height=\"826\" src=\"https:\/\/requintemarcenaria.com\/wp-content\/uploads\/2025\/09\/teste1.png\" class=\"attachment-full size-full wp-image-3061\" alt=\"teste1\" srcset=\"https:\/\/requintemarcenaria.com\/wp-content\/uploads\/2025\/09\/teste1.png 572w, https:\/\/requintemarcenaria.com\/wp-content\/uploads\/2025\/09\/teste1-208x300.png 208w\" sizes=\"(max-width: 572px) 100vw, 572px\" \/><\/figure><div class=\"elementor-image-box-content\"><h4 class=\"elementor-image-box-title\">Cozinha planejada<\/h4><p class=\"elementor-image-box-description\">Cozinha completa feita para atender suas necessidades desde altura at\u00e9 o seu espa\u00e7o<\/p><\/div><\/div>\t\t\t\t<\/div>\n\t\t\t\t<\/div>\n\t\t\t\t<div class=\"elementor-element elementor-element-bfe6c5d elementor-widget__width-initial elementor-widget-tablet__width-initial elementor-widget-mobile__width-inherit elementor-position-top elementor-widget elementor-widget-image-box\" data-id=\"bfe6c5d\" data-element_type=\"widget\" data-widget_type=\"image-box.default\">\n\t\t\t\t<div class=\"elementor-widget-container\">\n\t\t\t\t\t<div class=\"elementor-image-box-wrapper\"><figure class=\"elementor-image-box-img\"><img decoding=\"async\" width=\"802\" height=\"882\" src=\"https:\/\/requintemarcenaria.com\/wp-content\/uploads\/2025\/09\/teste.png\" class=\"attachment-full size-full wp-image-3059\" alt=\"teste\" srcset=\"https:\/\/requintemarcenaria.com\/wp-content\/uploads\/2025\/09\/teste.png 802w, https:\/\/requintemarcenaria.com\/wp-content\/uploads\/2025\/09\/teste-273x300.png 273w, https:\/\/requintemarcenaria.com\/wp-content\/uploads\/2025\/09\/teste-768x845.png 768w\" sizes=\"(max-width: 802px) 100vw, 802px\" \/><\/figure><div class=\"elementor-image-box-content\"><h4 class=\"elementor-image-box-title\">Closet's planejados<\/h4><p class=\"elementor-image-box-description\">Closet feitos de acordo com suas necessidades e de acordo com o seu ambiente.<\/p><\/div><\/div>\t\t\t\t<\/div>\n\t\t\t\t<\/div>\n\t\t\t\t<div class=\"elementor-element elementor-element-44180fc elementor-widget__width-initial elementor-widget-tablet__width-initial elementor-widget-mobile__width-inherit elementor-position-top elementor-widget elementor-widget-image-box\" data-id=\"44180fc\" data-element_type=\"widget\" data-widget_type=\"image-box.default\">\n\t\t\t\t<div class=\"elementor-widget-container\">\n\t\t\t\t\t<div class=\"elementor-image-box-wrapper\"><figure class=\"elementor-image-box-img\"><img decoding=\"async\" width=\"602\" height=\"882\" src=\"https:\/\/requintemarcenaria.com\/wp-content\/uploads\/2025\/09\/teste2.png\" class=\"attachment-full size-full wp-image-3062\" alt=\"teste2\" srcset=\"https:\/\/requintemarcenaria.com\/wp-content\/uploads\/2025\/09\/teste2.png 602w, https:\/\/requintemarcenaria.com\/wp-content\/uploads\/2025\/09\/teste2-205x300.png 205w\" sizes=\"(max-width: 602px) 100vw, 602px\" \/><\/figure><div class=\"elementor-image-box-content\"><h4 class=\"elementor-image-box-title\">Moveis para escrit\u00f3rio<\/h4><p class=\"elementor-image-box-description\">M\u00f3veis feitos e pensados para o seu escrit\u00f3rio ou ambiente comercial.<\/p><\/div><\/div>\t\t\t\t<\/div>\n\t\t\t\t<\/div>\n\t\t\t\t\t<\/div>\n\t\t\t\t<\/div>\n\t\t\t\t<\/div>\n\t\t\t\t\t<\/div>\n\t\t\t\t<\/div>\n\t\t<div class=\"elementor-element elementor-element-9e6bca0 e-flex e-con-boxed e-con e-parent\" data-id=\"9e6bca0\" data-element_type=\"container\" data-settings=\"{&quot;shape_divider_top&quot;:&quot;opacity-tilt&quot;,&quot;background_background&quot;:&quot;classic&quot;}\">\n\t\t\t\t\t<div class=\"e-con-inner\">\n\t\t\t\t<div class=\"elementor-shape elementor-shape-top\" aria-hidden=\"true\" data-negative=\"false\">\n\t\t\t<svg xmlns=\"http:\/\/www.w3.org\/2000\/svg\" viewBox=\"0 0 2600 131.1\" preserveAspectRatio=\"none\">\n\t<path class=\"elementor-shape-fill\" d=\"M0 0L2600 0 2600 69.1 0 0z\"\/>\n\t<path class=\"elementor-shape-fill\" style=\"opacity:0.5\" d=\"M0 0L2600 0 2600 69.1 0 69.1z\"\/>\n\t<path class=\"elementor-shape-fill\" style=\"opacity:0.25\" d=\"M2600 0L0 0 0 130.1 2600 69.1z\"\/>\n<\/svg>\t\t<\/div>\n\t\t<div class=\"elementor-element elementor-element-9d7cb13 e-con-full e-flex e-con e-child\" data-id=\"9d7cb13\" data-element_type=\"container\" data-settings=\"{&quot;background_background&quot;:&quot;gradient&quot;}\">\n\t\t\t\t<div class=\"elementor-element elementor-element-878d870 elementor-widget elementor-widget-heading\" data-id=\"878d870\" data-element_type=\"widget\" data-widget_type=\"heading.default\">\n\t\t\t\t<div class=\"elementor-widget-container\">\n\t\t\t\t\t<h6 class=\"elementor-heading-title elementor-size-default\">M\u00f3veis e projetos planejados<\/h6>\t\t\t\t<\/div>\n\t\t\t\t<\/div>\n\t\t\t\t<div class=\"elementor-element elementor-element-16bd686 elementor-widget elementor-widget-hfe-infocard\" data-id=\"16bd686\" data-element_type=\"widget\" data-widget_type=\"hfe-infocard.default\">\n\t\t\t\t<div class=\"elementor-widget-container\">\n\t\t\t\t\t\n\t\t<div class=\"hfe-infocard\">\n\t\t\t\t\t\t\t\t\t<div class=\"hfe-infocard-title-wrap\">\n\t\t\t\t<h2 class=\"hfe-infocard-title elementor-inline-editing\" data-elementor-setting-key=\"infocard_title\" data-elementor-inline-editing-toolbar=\"basic\" >Entre em contato!<\/h2>\t\t\t<\/div>\n\t\t\t\t\t\t<div class=\"hfe-infocard-text-wrap\">\n\t\t\t\t<div class=\"hfe-infocard-text elementor-inline-editing\" data-elementor-setting-key=\"infocard_description\" data-elementor-inline-editing-toolbar=\"advanced\">\n\t\t\t\t\tTire suas d\u00favidas e fa\u00e7a uma visita na nossa Loja!\t\t\t\t<\/div>\n\t\t\t\t\t\t\t<\/div>\n\t\t<\/div>\n\n\t\t\t\t\t\t<\/div>\n\t\t\t\t<\/div>\n\t\t\t\t<div class=\"elementor-element elementor-element-7cd94fd elementor-widget elementor-widget-wpforms\" data-id=\"7cd94fd\" data-element_type=\"widget\" data-widget_type=\"wpforms.default\">\n\t\t\t\t<div class=\"elementor-widget-container\">\n\t\t\t\t\t<div class=\"wpforms-container inline-fields\" id=\"wpforms-2828\"><form id=\"wpforms-form-2828\" class=\"wpforms-validate wpforms-form\" data-formid=\"2828\" method=\"post\" enctype=\"multipart\/form-data\" action=\"\/index.php?rest_route=%2Fwp%2Fv2%2Fpages%2F11\" data-token=\"dc590df494b5c808050082e387164f2f\" data-token-time=\"1776428628\"><noscript class=\"wpforms-error-noscript\">Ative o JavaScript no seu navegador para preencher este formul\u00e1rio.<\/noscript><div class=\"wpforms-field-container\"><div id=\"wpforms-2828-field_0-container\" class=\"wpforms-field wpforms-field-name\" data-field-id=\"0\"><label class=\"wpforms-field-label wpforms-label-hide\" for=\"wpforms-2828-field_0\">Nome <span class=\"wpforms-required-label\">*<\/span><\/label><input type=\"text\" id=\"wpforms-2828-field_0\" class=\"wpforms-field-medium wpforms-field-required\" name=\"wpforms[fields][0]\" placeholder=\"Nome completo\" required><\/div><div id=\"wpforms-2828-field_4-container\" class=\"wpforms-field wpforms-field-text\" data-field-id=\"4\"><label class=\"wpforms-field-label wpforms-label-hide\" for=\"wpforms-2828-field_4\">Numero de telefone<\/label><input type=\"text\" id=\"wpforms-2828-field_4\" class=\"wpforms-field-medium\" name=\"wpforms[fields][4]\" placeholder=\"Numero de telefone\" ><\/div><\/div><!-- .wpforms-field-container --><div class=\"wpforms-submit-container\" ><input type=\"hidden\" name=\"wpforms[id]\" value=\"2828\"><input type=\"hidden\" name=\"page_title\" value=\"\"><input type=\"hidden\" name=\"page_url\" value=\"https:\/\/requintemarcenaria.com\/index.php?rest_route=\/wp\/v2\/pages\/11\"><input type=\"hidden\" name=\"url_referer\" value=\"\"><button type=\"submit\" name=\"wpforms[submit]\" id=\"wpforms-submit-2828\" class=\"wpforms-submit\" data-alt-text=\"Sending...\" data-submit-text=\"Enviar\" aria-live=\"assertive\" value=\"wpforms-submit\">Enviar<\/button><\/div><\/form><\/div>  <!-- .wpforms-container -->\t\t\t\t<\/div>\n\t\t\t\t<\/div>\n\t\t\t\t<\/div>\n\t\t\t\t\t<\/div>\n\t\t\t\t<\/div>\n\t\t\t\t<\/div>\n\t\t","protected":false},"excerpt":{"rendered":"<p>Projetos Nossos projetos Confie na nossa experi\u00eancia Cozinha planejada Cozinha completa feita para atender suas necessidades desde altura at\u00e9 o seu espa\u00e7o Closet&#8217;s planejados Closet feitos de acordo com suas necessidades e de acordo com o seu ambiente. Moveis para escrit\u00f3rio M\u00f3veis feitos e pensados para o seu escrit\u00f3rio ou ambiente comercial. M\u00f3veis e projetos [&hellip;]<\/p>\n","protected":false},"author":1,"featured_media":0,"parent":0,"menu_order":0,"comment_status":"closed","ping_status":"closed","template":"","meta":{"site-sidebar-layout":"no-sidebar","site-content-layout":"page-builder","ast-site-content-layout":"default","site-content-style":"default","site-sidebar-style":"default","ast-global-header-display":"","ast-banner-title-visibility":"","ast-main-header-display":"","ast-hfb-above-header-display":"","ast-hfb-below-header-display":"","ast-hfb-mobile-header-display":"","site-post-title":"disabled","ast-breadcrumbs-content":"disabled","ast-featured-img":"disabled","footer-sml-layout":"","theme-transparent-header-meta":"enabled","adv-header-id-meta":"","stick-header-meta":"","header-above-stick-meta":"","header-main-stick-meta":"","header-below-stick-meta":"","astra-migrate-meta-layouts":"default","ast-page-background-enabled":"default","ast-page-background-meta":{"desktop":{"background-color":"","background-image":"","background-repeat":"repeat","background-position":"center center","background-size":"auto","background-attachment":"scroll","background-type":"","background-media":"","overlay-type":"","overlay-color":"","overlay-opacity":"","overlay-gradient":""},"tablet":{"background-color":"","background-image":"","background-repeat":"repeat","background-position":"center center","background-size":"auto","background-attachment":"scroll","background-type":"","background-media":"","overlay-type":"","overlay-color":"","overlay-opacity":"","overlay-gradient":""},"mobile":{"background-color":"","background-image":"","background-repeat":"repeat","background-position":"center center","background-size":"auto","background-attachment":"scroll","background-type":"","background-media":"","overlay-type":"","overlay-color":"","overlay-opacity":"","overlay-gradient":""}},"ast-content-background-meta":{"desktop":{"background-color":"var(--ast-global-color-5)","background-image":"","background-repeat":"repeat","background-position":"center center","background-size":"auto","background-attachment":"scroll","background-type":"","background-media":"","overlay-type":"","overlay-color":"","overlay-opacity":"","overlay-gradient":""},"tablet":{"background-color":"var(--ast-global-color-5)","background-image":"","background-repeat":"repeat","background-position":"center center","background-size":"auto","background-attachment":"scroll","background-type":"","background-media":"","overlay-type":"","overlay-color":"","overlay-opacity":"","overlay-gradient":""},"mobile":{"background-color":"var(--ast-global-color-5)","background-image":"","background-repeat":"repeat","background-position":"center center","background-size":"auto","background-attachment":"scroll","background-type":"","background-media":"","overlay-type":"","overlay-color":"","overlay-opacity":"","overlay-gradient":""}},"footnotes":""},"class_list":["post-11","page","type-page","status-publish","hentry"],"yoast_head":"<!-- This site is optimized with the Yoast SEO plugin v26.8 - https:\/\/yoast.com\/product\/yoast-seo-wordpress\/ -->\n<title>Servi\u00e7os - Requinte Marcenaria<\/title>\n<meta name=\"robots\" content=\"index, follow, max-snippet:-1, max-image-preview:large, max-video-preview:-1\" \/>\n<link rel=\"canonical\" href=\"https:\/\/requintemarcenaria.com\/?page_id=11\" \/>\n<meta property=\"og:locale\" content=\"pt_BR\" \/>\n<meta property=\"og:type\" content=\"article\" \/>\n<meta property=\"og:title\" content=\"Servi\u00e7os - Requinte Marcenaria\" \/>\n<meta property=\"og:description\" content=\"Projetos Nossos projetos Confie na nossa experi\u00eancia Cozinha planejada Cozinha completa feita para atender suas necessidades desde altura at\u00e9 o seu espa\u00e7o Closet&#8217;s planejados Closet feitos de acordo com suas necessidades e de acordo com o seu ambiente. Moveis para escrit\u00f3rio M\u00f3veis feitos e pensados para o seu escrit\u00f3rio ou ambiente comercial. M\u00f3veis e projetos [&hellip;]\" \/>\n<meta property=\"og:url\" content=\"https:\/\/requintemarcenaria.com\/?page_id=11\" \/>\n<meta property=\"og:site_name\" content=\"Requinte Marcenaria\" \/>\n<meta property=\"article:modified_time\" content=\"2025-09-11T13:44:01+00:00\" \/>\n<meta property=\"og:image\" content=\"https:\/\/requintemarcenaria.com\/wp-content\/uploads\/2025\/09\/teste1.png\" \/>\n\t<meta property=\"og:image:width\" content=\"572\" \/>\n\t<meta property=\"og:image:height\" content=\"826\" \/>\n\t<meta property=\"og:image:type\" content=\"image\/png\" \/>\n<meta name=\"twitter:card\" content=\"summary_large_image\" \/>\n<meta name=\"twitter:label1\" content=\"Est. tempo de leitura\" \/>\n\t<meta name=\"twitter:data1\" content=\"2 minutos\" \/>\n<script type=\"application\/ld+json\" class=\"yoast-schema-graph\">{\"@context\":\"https:\/\/schema.org\",\"@graph\":[{\"@type\":\"WebPage\",\"@id\":\"https:\/\/requintemarcenaria.com\/?page_id=11\",\"url\":\"https:\/\/requintemarcenaria.com\/?page_id=11\",\"name\":\"Servi\u00e7os - Requinte Marcenaria\",\"isPartOf\":{\"@id\":\"https:\/\/requintemarcenaria.com\/#website\"},\"primaryImageOfPage\":{\"@id\":\"https:\/\/requintemarcenaria.com\/?page_id=11#primaryimage\"},\"image\":{\"@id\":\"https:\/\/requintemarcenaria.com\/?page_id=11#primaryimage\"},\"thumbnailUrl\":\"https:\/\/requintemarcenaria.com\/wp-content\/uploads\/2025\/09\/teste1.png\",\"datePublished\":\"2025-07-22T13:19:36+00:00\",\"dateModified\":\"2025-09-11T13:44:01+00:00\",\"breadcrumb\":{\"@id\":\"https:\/\/requintemarcenaria.com\/?page_id=11#breadcrumb\"},\"inLanguage\":\"pt-BR\",\"potentialAction\":[{\"@type\":\"ReadAction\",\"target\":[\"https:\/\/requintemarcenaria.com\/?page_id=11\"]}]},{\"@type\":\"ImageObject\",\"inLanguage\":\"pt-BR\",\"@id\":\"https:\/\/requintemarcenaria.com\/?page_id=11#primaryimage\",\"url\":\"https:\/\/requintemarcenaria.com\/wp-content\/uploads\/2025\/09\/teste1.png\",\"contentUrl\":\"https:\/\/requintemarcenaria.com\/wp-content\/uploads\/2025\/09\/teste1.png\",\"width\":572,\"height\":826,\"caption\":\"teste1\"},{\"@type\":\"BreadcrumbList\",\"@id\":\"https:\/\/requintemarcenaria.com\/?page_id=11#breadcrumb\",\"itemListElement\":[{\"@type\":\"ListItem\",\"position\":1,\"name\":\"In\u00edcio\",\"item\":\"https:\/\/requintemarcenaria.com\/\"},{\"@type\":\"ListItem\",\"position\":2,\"name\":\"Servi\u00e7os\"}]},{\"@type\":\"WebSite\",\"@id\":\"https:\/\/requintemarcenaria.com\/#website\",\"url\":\"https:\/\/requintemarcenaria.com\/\",\"name\":\"Requinte Marcenaria\",\"description\":\"\",\"publisher\":{\"@id\":\"https:\/\/requintemarcenaria.com\/#organization\"},\"potentialAction\":[{\"@type\":\"SearchAction\",\"target\":{\"@type\":\"EntryPoint\",\"urlTemplate\":\"https:\/\/requintemarcenaria.com\/?s={search_term_string}\"},\"query-input\":{\"@type\":\"PropertyValueSpecification\",\"valueRequired\":true,\"valueName\":\"search_term_string\"}}],\"inLanguage\":\"pt-BR\"},{\"@type\":\"Organization\",\"@id\":\"https:\/\/requintemarcenaria.com\/#organization\",\"name\":\"Requinte Marcenaria\",\"url\":\"https:\/\/requintemarcenaria.com\/\",\"logo\":{\"@type\":\"ImageObject\",\"inLanguage\":\"pt-BR\",\"@id\":\"https:\/\/requintemarcenaria.com\/#\/schema\/logo\/image\/\",\"url\":\"https:\/\/requintemarcenaria.com\/wp-content\/uploads\/2025\/07\/LogoRequinte.png\",\"contentUrl\":\"https:\/\/requintemarcenaria.com\/wp-content\/uploads\/2025\/07\/LogoRequinte.png\",\"width\":320,\"height\":320,\"caption\":\"Requinte Marcenaria\"},\"image\":{\"@id\":\"https:\/\/requintemarcenaria.com\/#\/schema\/logo\/image\/\"}}]}<\/script>\n<!-- \/ Yoast SEO plugin. -->","yoast_head_json":{"title":"Servi\u00e7os - Requinte Marcenaria","robots":{"index":"index","follow":"follow","max-snippet":"max-snippet:-1","max-image-preview":"max-image-preview:large","max-video-preview":"max-video-preview:-1"},"canonical":"https:\/\/requintemarcenaria.com\/?page_id=11","og_locale":"pt_BR","og_type":"article","og_title":"Servi\u00e7os - Requinte Marcenaria","og_description":"Projetos Nossos projetos Confie na nossa experi\u00eancia Cozinha planejada Cozinha completa feita para atender suas necessidades desde altura at\u00e9 o seu espa\u00e7o Closet&#8217;s planejados Closet feitos de acordo com suas necessidades e de acordo com o seu ambiente. Moveis para escrit\u00f3rio M\u00f3veis feitos e pensados para o seu escrit\u00f3rio ou ambiente comercial. M\u00f3veis e projetos [&hellip;]","og_url":"https:\/\/requintemarcenaria.com\/?page_id=11","og_site_name":"Requinte Marcenaria","article_modified_time":"2025-09-11T13:44:01+00:00","og_image":[{"width":572,"height":826,"url":"https:\/\/requintemarcenaria.com\/wp-content\/uploads\/2025\/09\/teste1.png","type":"image\/png"}],"twitter_card":"summary_large_image","twitter_misc":{"Est. tempo de leitura":"2 minutos"},"schema":{"@context":"https:\/\/schema.org","@graph":[{"@type":"WebPage","@id":"https:\/\/requintemarcenaria.com\/?page_id=11","url":"https:\/\/requintemarcenaria.com\/?page_id=11","name":"Servi\u00e7os - Requinte Marcenaria","isPartOf":{"@id":"https:\/\/requintemarcenaria.com\/#website"},"primaryImageOfPage":{"@id":"https:\/\/requintemarcenaria.com\/?page_id=11#primaryimage"},"image":{"@id":"https:\/\/requintemarcenaria.com\/?page_id=11#primaryimage"},"thumbnailUrl":"https:\/\/requintemarcenaria.com\/wp-content\/uploads\/2025\/09\/teste1.png","datePublished":"2025-07-22T13:19:36+00:00","dateModified":"2025-09-11T13:44:01+00:00","breadcrumb":{"@id":"https:\/\/requintemarcenaria.com\/?page_id=11#breadcrumb"},"inLanguage":"pt-BR","potentialAction":[{"@type":"ReadAction","target":["https:\/\/requintemarcenaria.com\/?page_id=11"]}]},{"@type":"ImageObject","inLanguage":"pt-BR","@id":"https:\/\/requintemarcenaria.com\/?page_id=11#primaryimage","url":"https:\/\/requintemarcenaria.com\/wp-content\/uploads\/2025\/09\/teste1.png","contentUrl":"https:\/\/requintemarcenaria.com\/wp-content\/uploads\/2025\/09\/teste1.png","width":572,"height":826,"caption":"teste1"},{"@type":"BreadcrumbList","@id":"https:\/\/requintemarcenaria.com\/?page_id=11#breadcrumb","itemListElement":[{"@type":"ListItem","position":1,"name":"In\u00edcio","item":"https:\/\/requintemarcenaria.com\/"},{"@type":"ListItem","position":2,"name":"Servi\u00e7os"}]},{"@type":"WebSite","@id":"https:\/\/requintemarcenaria.com\/#website","url":"https:\/\/requintemarcenaria.com\/","name":"Requinte Marcenaria","description":"","publisher":{"@id":"https:\/\/requintemarcenaria.com\/#organization"},"potentialAction":[{"@type":"SearchAction","target":{"@type":"EntryPoint","urlTemplate":"https:\/\/requintemarcenaria.com\/?s={search_term_string}"},"query-input":{"@type":"PropertyValueSpecification","valueRequired":true,"valueName":"search_term_string"}}],"inLanguage":"pt-BR"},{"@type":"Organization","@id":"https:\/\/requintemarcenaria.com\/#organization","name":"Requinte Marcenaria","url":"https:\/\/requintemarcenaria.com\/","logo":{"@type":"ImageObject","inLanguage":"pt-BR","@id":"https:\/\/requintemarcenaria.com\/#\/schema\/logo\/image\/","url":"https:\/\/requintemarcenaria.com\/wp-content\/uploads\/2025\/07\/LogoRequinte.png","contentUrl":"https:\/\/requintemarcenaria.com\/wp-content\/uploads\/2025\/07\/LogoRequinte.png","width":320,"height":320,"caption":"Requinte Marcenaria"},"image":{"@id":"https:\/\/requintemarcenaria.com\/#\/schema\/logo\/image\/"}}]}},"_links":{"self":[{"href":"https:\/\/requintemarcenaria.com\/index.php?rest_route=\/wp\/v2\/pages\/11","targetHints":{"allow":["GET"]}}],"collection":[{"href":"https:\/\/requintemarcenaria.com\/index.php?rest_route=\/wp\/v2\/pages"}],"about":[{"href":"https:\/\/requintemarcenaria.com\/index.php?rest_route=\/wp\/v2\/types\/page"}],"author":[{"embeddable":true,"href":"https:\/\/requintemarcenaria.com\/index.php?rest_route=\/wp\/v2\/users\/1"}],"replies":[{"embeddable":true,"href":"https:\/\/requintemarcenaria.com\/index.php?rest_route=%2Fwp%2Fv2%2Fcomments&post=11"}],"version-history":[{"count":19,"href":"https:\/\/requintemarcenaria.com\/index.php?rest_route=\/wp\/v2\/pages\/11\/revisions"}],"predecessor-version":[{"id":3163,"href":"https:\/\/requintemarcenaria.com\/index.php?rest_route=\/wp\/v2\/pages\/11\/revisions\/3163"}],"wp:attachment":[{"href":"https:\/\/requintemarcenaria.com\/index.php?rest_route=%2Fwp%2Fv2%2Fmedia&parent=11"}],"curies":[{"name":"wp","href":"https:\/\/api.w.org\/{rel}","templated":true}]}}