{"id":15,"date":"2025-07-22T13:19:36","date_gmt":"2025-07-22T13:19:36","guid":{"rendered":"https:\/\/requintemarcenaria.com\/projects\/"},"modified":"2025-09-11T11:30:20","modified_gmt":"2025-09-11T11:30:20","slug":"projetos","status":"publish","type":"page","link":"https:\/\/requintemarcenaria.com\/?page_id=15","title":{"rendered":"Projetos"},"content":{"rendered":"\t\t<div data-elementor-type=\"wp-page\" data-elementor-id=\"15\" class=\"elementor elementor-15\">\n\t\t\t\t<div class=\"elementor-element elementor-element-9d0ebbf e-flex e-con-boxed e-con e-parent\" data-id=\"9d0ebbf\" data-element_type=\"container\" data-settings=\"{&quot;background_background&quot;:&quot;classic&quot;}\">\n\t\t\t\t\t<div class=\"e-con-inner\">\n\t\t<div class=\"elementor-element elementor-element-25f0edd e-con-full e-flex e-con e-child\" data-id=\"25f0edd\" data-element_type=\"container\">\n\t\t\t\t<div class=\"elementor-element elementor-element-606f93b elementor-widget elementor-widget-heading\" data-id=\"606f93b\" data-element_type=\"widget\" data-widget_type=\"heading.default\">\n\t\t\t\t<div class=\"elementor-widget-container\">\n\t\t\t\t\t<h1 class=\"elementor-heading-title elementor-size-default\">Projetos<\/h1>\t\t\t\t<\/div>\n\t\t\t\t<\/div>\n\t\t\t\t<\/div>\n\t\t\t\t\t<\/div>\n\t\t\t\t<\/div>\n\t\t<div class=\"elementor-element elementor-element-29a7df9 e-flex e-con-boxed e-con e-parent\" data-id=\"29a7df9\" data-element_type=\"container\" data-settings=\"{&quot;background_background&quot;:&quot;classic&quot;}\">\n\t\t\t\t\t<div class=\"e-con-inner\">\n\t\t<div class=\"elementor-element elementor-element-b1d9b17 e-flex e-con-boxed e-con e-child\" data-id=\"b1d9b17\" data-element_type=\"container\">\n\t\t\t\t\t<div class=\"e-con-inner\">\n\t\t\t\t<div class=\"elementor-element elementor-element-7d7e27c elementor-widget elementor-widget-heading\" data-id=\"7d7e27c\" data-element_type=\"widget\" data-widget_type=\"heading.default\">\n\t\t\t\t<div class=\"elementor-widget-container\">\n\t\t\t\t\t<h6 class=\"elementor-heading-title elementor-size-default\">Nossos projetos<\/h6>\t\t\t\t<\/div>\n\t\t\t\t<\/div>\n\t\t\t\t<div class=\"elementor-element elementor-element-ba39b0e elementor-widget elementor-widget-heading\" data-id=\"ba39b0e\" data-element_type=\"widget\" data-widget_type=\"heading.default\">\n\t\t\t\t<div class=\"elementor-widget-container\">\n\t\t\t\t\t<h2 class=\"elementor-heading-title elementor-size-default\">Inspira\u00e7\u00e3o para seu pr\u00f3ximo projeto<\/h2>\t\t\t\t<\/div>\n\t\t\t\t<\/div>\n\t\t<div class=\"elementor-element elementor-element-a87b603 elementor-hidden-mobile e-flex e-con-boxed e-con e-child\" data-id=\"a87b603\" data-element_type=\"container\">\n\t\t\t\t\t<div class=\"e-con-inner\">\n\t\t\t\t<div class=\"elementor-element elementor-element-07289dd elementor-widget__width-initial elementor-widget elementor-widget-video\" data-id=\"07289dd\" data-element_type=\"widget\" data-settings=\"{&quot;video_type&quot;:&quot;hosted&quot;,&quot;autoplay&quot;:&quot;yes&quot;,&quot;mute&quot;:&quot;yes&quot;,&quot;loop&quot;:&quot;yes&quot;,&quot;controls&quot;:&quot;yes&quot;}\" data-widget_type=\"video.default\">\n\t\t\t\t<div class=\"elementor-widget-container\">\n\t\t\t\t\t\t\t<div class=\"e-hosted-video elementor-wrapper elementor-open-inline\">\n\t\t\t\t\t<video class=\"elementor-video\" src=\"https:\/\/requintemarcenaria.com\/wp-content\/uploads\/2025\/09\/WhatsApp-Video-2025-08-28-at-19.00.09.mp4\" autoplay=\"\" loop=\"\" controls=\"\" muted=\"muted\" controlsList=\"nodownload\"><\/video>\n\t\t\t\t<\/div>\n\t\t\t\t\t\t<\/div>\n\t\t\t\t<\/div>\n\t\t\t\t<div class=\"elementor-element elementor-element-67aef3d elementor-widget elementor-widget-video\" data-id=\"67aef3d\" data-element_type=\"widget\" data-settings=\"{&quot;video_type&quot;:&quot;hosted&quot;,&quot;autoplay&quot;:&quot;yes&quot;,&quot;mute&quot;:&quot;yes&quot;,&quot;loop&quot;:&quot;yes&quot;,&quot;controls&quot;:&quot;yes&quot;}\" data-widget_type=\"video.default\">\n\t\t\t\t<div class=\"elementor-widget-container\">\n\t\t\t\t\t\t\t<div class=\"e-hosted-video elementor-wrapper elementor-open-inline\">\n\t\t\t\t\t<video class=\"elementor-video\" src=\"https:\/\/requintemarcenaria.com\/wp-content\/uploads\/2025\/09\/WhatsApp-Video-2025-08-28-at-18.49.57.mp4\" autoplay=\"\" loop=\"\" controls=\"\" muted=\"muted\" controlsList=\"nodownload\"><\/video>\n\t\t\t\t<\/div>\n\t\t\t\t\t\t<\/div>\n\t\t\t\t<\/div>\n\t\t\t\t<div class=\"elementor-element elementor-element-28aba37 elementor-widget__width-initial elementor-widget elementor-widget-video\" data-id=\"28aba37\" data-element_type=\"widget\" data-settings=\"{&quot;video_type&quot;:&quot;hosted&quot;,&quot;autoplay&quot;:&quot;yes&quot;,&quot;mute&quot;:&quot;yes&quot;,&quot;loop&quot;:&quot;yes&quot;,&quot;controls&quot;:&quot;yes&quot;}\" data-widget_type=\"video.default\">\n\t\t\t\t<div class=\"elementor-widget-container\">\n\t\t\t\t\t\t\t<div class=\"e-hosted-video elementor-wrapper elementor-open-inline\">\n\t\t\t\t\t<video class=\"elementor-video\" src=\"https:\/\/requintemarcenaria.com\/wp-content\/uploads\/2025\/09\/WhatsApp-Video-2025-08-28-at-18.58.14.mp4\" autoplay=\"\" loop=\"\" controls=\"\" muted=\"muted\" controlsList=\"nodownload\"><\/video>\n\t\t\t\t<\/div>\n\t\t\t\t\t\t<\/div>\n\t\t\t\t<\/div>\n\t\t\t\t\t<\/div>\n\t\t\t\t<\/div>\n\t\t<div class=\"elementor-element elementor-element-1d8917a e-con-full elementor-hidden-desktop e-flex e-con e-child\" data-id=\"1d8917a\" data-element_type=\"container\">\n\t\t\t\t<div class=\"elementor-element elementor-element-ee061fe elementor-widget__width-initial elementor-widget elementor-widget-video\" data-id=\"ee061fe\" data-element_type=\"widget\" data-settings=\"{&quot;video_type&quot;:&quot;hosted&quot;,&quot;autoplay&quot;:&quot;yes&quot;,&quot;mute&quot;:&quot;yes&quot;,&quot;loop&quot;:&quot;yes&quot;,&quot;controls&quot;:&quot;yes&quot;}\" data-widget_type=\"video.default\">\n\t\t\t\t<div class=\"elementor-widget-container\">\n\t\t\t\t\t\t\t<div class=\"e-hosted-video elementor-wrapper elementor-open-inline\">\n\t\t\t\t\t<video class=\"elementor-video\" src=\"https:\/\/requintemarcenaria.com\/wp-content\/uploads\/2025\/09\/WhatsApp-Video-2025-08-28-at-19.00.09.mp4\" autoplay=\"\" loop=\"\" controls=\"\" muted=\"muted\" controlsList=\"nodownload\"><\/video>\n\t\t\t\t<\/div>\n\t\t\t\t\t\t<\/div>\n\t\t\t\t<\/div>\n\t\t\t\t<div class=\"elementor-element elementor-element-bff62c9 elementor-widget-mobile__width-initial elementor-widget elementor-widget-video\" data-id=\"bff62c9\" data-element_type=\"widget\" data-settings=\"{&quot;video_type&quot;:&quot;hosted&quot;,&quot;autoplay&quot;:&quot;yes&quot;,&quot;mute&quot;:&quot;yes&quot;,&quot;loop&quot;:&quot;yes&quot;,&quot;controls&quot;:&quot;yes&quot;}\" data-widget_type=\"video.default\">\n\t\t\t\t<div class=\"elementor-widget-container\">\n\t\t\t\t\t\t\t<div class=\"e-hosted-video elementor-wrapper elementor-open-inline\">\n\t\t\t\t\t<video class=\"elementor-video\" src=\"https:\/\/requintemarcenaria.com\/wp-content\/uploads\/2025\/09\/WhatsApp-Video-2025-08-28-at-18.49.57.mp4\" autoplay=\"\" loop=\"\" controls=\"\" muted=\"muted\" controlsList=\"nodownload\"><\/video>\n\t\t\t\t<\/div>\n\t\t\t\t\t\t<\/div>\n\t\t\t\t<\/div>\n\t\t\t\t<div class=\"elementor-element elementor-element-5bc2b61 elementor-widget__width-initial elementor-widget elementor-widget-video\" data-id=\"5bc2b61\" data-element_type=\"widget\" data-settings=\"{&quot;video_type&quot;:&quot;hosted&quot;,&quot;autoplay&quot;:&quot;yes&quot;,&quot;mute&quot;:&quot;yes&quot;,&quot;loop&quot;:&quot;yes&quot;,&quot;controls&quot;:&quot;yes&quot;}\" data-widget_type=\"video.default\">\n\t\t\t\t<div class=\"elementor-widget-container\">\n\t\t\t\t\t\t\t<div class=\"e-hosted-video elementor-wrapper elementor-open-inline\">\n\t\t\t\t\t<video class=\"elementor-video\" src=\"https:\/\/requintemarcenaria.com\/wp-content\/uploads\/2025\/09\/WhatsApp-Video-2025-08-28-at-18.58.14.mp4\" autoplay=\"\" loop=\"\" controls=\"\" muted=\"muted\" controlsList=\"nodownload\"><\/video>\n\t\t\t\t<\/div>\n\t\t\t\t\t\t<\/div>\n\t\t\t\t<\/div>\n\t\t\t\t<\/div>\n\t\t\t\t\t<\/div>\n\t\t\t\t<\/div>\n\t\t\t\t\t<\/div>\n\t\t\t\t<\/div>\n\t\t\t\t<\/div>\n\t\t","protected":false},"excerpt":{"rendered":"<p>Projetos Nossos projetos Inspira\u00e7\u00e3o para seu pr\u00f3ximo projeto https:\/\/requintemarcenaria.com\/wp-content\/uploads\/2025\/09\/WhatsApp-Video-2025-08-28-at-19.00.09.mp4https:\/\/requintemarcenaria.com\/wp-content\/uploads\/2025\/09\/WhatsApp-Video-2025-08-28-at-18.49.57.mp4https:\/\/requintemarcenaria.com\/wp-content\/uploads\/2025\/09\/WhatsApp-Video-2025-08-28-at-18.58.14.mp4https:\/\/requintemarcenaria.com\/wp-content\/uploads\/2025\/09\/WhatsApp-Video-2025-08-28-at-19.00.09.mp4https:\/\/requintemarcenaria.com\/wp-content\/uploads\/2025\/09\/WhatsApp-Video-2025-08-28-at-18.49.57.mp4https:\/\/requintemarcenaria.com\/wp-content\/uploads\/2025\/09\/WhatsApp-Video-2025-08-28-at-18.58.14.mp4<\/p>\n","protected":false},"author":1,"featured_media":0,"parent":0,"menu_order":0,"comment_status":"closed","ping_status":"closed","template":"","meta":{"site-sidebar-layout":"no-sidebar","site-content-layout":"page-builder","ast-site-content-layout":"default","site-content-style":"default","site-sidebar-style":"default","ast-global-header-display":"","ast-banner-title-visibility":"","ast-main-header-display":"","ast-hfb-above-header-display":"","ast-hfb-below-header-display":"","ast-hfb-mobile-header-display":"","site-post-title":"disabled","ast-breadcrumbs-content":"disabled","ast-featured-img":"disabled","footer-sml-layout":"","theme-transparent-header-meta":"enabled","adv-header-id-meta":"","stick-header-meta":"","header-above-stick-meta":"","header-main-stick-meta":"","header-below-stick-meta":"","astra-migrate-meta-layouts":"default","ast-page-background-enabled":"default","ast-page-background-meta":{"desktop":{"background-color":"","background-image":"","background-repeat":"repeat","background-position":"center center","background-size":"auto","background-attachment":"scroll","background-type":"","background-media":"","overlay-type":"","overlay-color":"","overlay-opacity":"","overlay-gradient":""},"tablet":{"background-color":"","background-image":"","background-repeat":"repeat","background-position":"center center","background-size":"auto","background-attachment":"scroll","background-type":"","background-media":"","overlay-type":"","overlay-color":"","overlay-opacity":"","overlay-gradient":""},"mobile":{"background-color":"","background-image":"","background-repeat":"repeat","background-position":"center center","background-size":"auto","background-attachment":"scroll","background-type":"","background-media":"","overlay-type":"","overlay-color":"","overlay-opacity":"","overlay-gradient":""}},"ast-content-background-meta":{"desktop":{"background-color":"var(--ast-global-color-5)","background-image":"","background-repeat":"repeat","background-position":"center center","background-size":"auto","background-attachment":"scroll","background-type":"","background-media":"","overlay-type":"","overlay-color":"","overlay-opacity":"","overlay-gradient":""},"tablet":{"background-color":"var(--ast-global-color-5)","background-image":"","background-repeat":"repeat","background-position":"center center","background-size":"auto","background-attachment":"scroll","background-type":"","background-media":"","overlay-type":"","overlay-color":"","overlay-opacity":"","overlay-gradient":""},"mobile":{"background-color":"var(--ast-global-color-5)","background-image":"","background-repeat":"repeat","background-position":"center center","background-size":"auto","background-attachment":"scroll","background-type":"","background-media":"","overlay-type":"","overlay-color":"","overlay-opacity":"","overlay-gradient":""}},"footnotes":""},"class_list":["post-15","page","type-page","status-publish","hentry"],"yoast_head":"<!-- This site is optimized with the Yoast SEO plugin v26.8 - https:\/\/yoast.com\/product\/yoast-seo-wordpress\/ -->\n<title>Projetos - Requinte Marcenaria<\/title>\n<meta name=\"robots\" content=\"index, follow, max-snippet:-1, max-image-preview:large, max-video-preview:-1\" \/>\n<link rel=\"canonical\" href=\"https:\/\/requintemarcenaria.com\/?page_id=15\" \/>\n<meta property=\"og:locale\" content=\"pt_BR\" \/>\n<meta property=\"og:type\" content=\"article\" \/>\n<meta property=\"og:title\" content=\"Projetos - Requinte Marcenaria\" \/>\n<meta property=\"og:description\" content=\"Projetos Nossos projetos Inspira\u00e7\u00e3o para seu pr\u00f3ximo projeto https:\/\/requintemarcenaria.com\/wp-content\/uploads\/2025\/09\/WhatsApp-Video-2025-08-28-at-19.00.09.mp4https:\/\/requintemarcenaria.com\/wp-content\/uploads\/2025\/09\/WhatsApp-Video-2025-08-28-at-18.49.57.mp4https:\/\/requintemarcenaria.com\/wp-content\/uploads\/2025\/09\/WhatsApp-Video-2025-08-28-at-18.58.14.mp4https:\/\/requintemarcenaria.com\/wp-content\/uploads\/2025\/09\/WhatsApp-Video-2025-08-28-at-19.00.09.mp4https:\/\/requintemarcenaria.com\/wp-content\/uploads\/2025\/09\/WhatsApp-Video-2025-08-28-at-18.49.57.mp4https:\/\/requintemarcenaria.com\/wp-content\/uploads\/2025\/09\/WhatsApp-Video-2025-08-28-at-18.58.14.mp4\" \/>\n<meta property=\"og:url\" content=\"https:\/\/requintemarcenaria.com\/?page_id=15\" \/>\n<meta property=\"og:site_name\" content=\"Requinte Marcenaria\" \/>\n<meta property=\"article:modified_time\" content=\"2025-09-11T11:30:20+00:00\" \/>\n<meta name=\"twitter:card\" content=\"summary_large_image\" \/>\n<meta name=\"twitter:label1\" content=\"Est. tempo de leitura\" \/>\n\t<meta name=\"twitter:data1\" content=\"2 minutos\" \/>\n<script type=\"application\/ld+json\" class=\"yoast-schema-graph\">{\"@context\":\"https:\/\/schema.org\",\"@graph\":[{\"@type\":\"WebPage\",\"@id\":\"https:\/\/requintemarcenaria.com\/?page_id=15\",\"url\":\"https:\/\/requintemarcenaria.com\/?page_id=15\",\"name\":\"Projetos - Requinte Marcenaria\",\"isPartOf\":{\"@id\":\"https:\/\/requintemarcenaria.com\/#website\"},\"datePublished\":\"2025-07-22T13:19:36+00:00\",\"dateModified\":\"2025-09-11T11:30:20+00:00\",\"breadcrumb\":{\"@id\":\"https:\/\/requintemarcenaria.com\/?page_id=15#breadcrumb\"},\"inLanguage\":\"pt-BR\",\"potentialAction\":[{\"@type\":\"ReadAction\",\"target\":[\"https:\/\/requintemarcenaria.com\/?page_id=15\"]}]},{\"@type\":\"BreadcrumbList\",\"@id\":\"https:\/\/requintemarcenaria.com\/?page_id=15#breadcrumb\",\"itemListElement\":[{\"@type\":\"ListItem\",\"position\":1,\"name\":\"In\u00edcio\",\"item\":\"https:\/\/requintemarcenaria.com\/\"},{\"@type\":\"ListItem\",\"position\":2,\"name\":\"Projetos\"}]},{\"@type\":\"WebSite\",\"@id\":\"https:\/\/requintemarcenaria.com\/#website\",\"url\":\"https:\/\/requintemarcenaria.com\/\",\"name\":\"Requinte Marcenaria\",\"description\":\"\",\"publisher\":{\"@id\":\"https:\/\/requintemarcenaria.com\/#organization\"},\"potentialAction\":[{\"@type\":\"SearchAction\",\"target\":{\"@type\":\"EntryPoint\",\"urlTemplate\":\"https:\/\/requintemarcenaria.com\/?s={search_term_string}\"},\"query-input\":{\"@type\":\"PropertyValueSpecification\",\"valueRequired\":true,\"valueName\":\"search_term_string\"}}],\"inLanguage\":\"pt-BR\"},{\"@type\":\"Organization\",\"@id\":\"https:\/\/requintemarcenaria.com\/#organization\",\"name\":\"Requinte Marcenaria\",\"url\":\"https:\/\/requintemarcenaria.com\/\",\"logo\":{\"@type\":\"ImageObject\",\"inLanguage\":\"pt-BR\",\"@id\":\"https:\/\/requintemarcenaria.com\/#\/schema\/logo\/image\/\",\"url\":\"https:\/\/requintemarcenaria.com\/wp-content\/uploads\/2025\/07\/LogoRequinte.png\",\"contentUrl\":\"https:\/\/requintemarcenaria.com\/wp-content\/uploads\/2025\/07\/LogoRequinte.png\",\"width\":320,\"height\":320,\"caption\":\"Requinte Marcenaria\"},\"image\":{\"@id\":\"https:\/\/requintemarcenaria.com\/#\/schema\/logo\/image\/\"}}]}<\/script>\n<!-- \/ Yoast SEO plugin. -->","yoast_head_json":{"title":"Projetos - Requinte Marcenaria","robots":{"index":"index","follow":"follow","max-snippet":"max-snippet:-1","max-image-preview":"max-image-preview:large","max-video-preview":"max-video-preview:-1"},"canonical":"https:\/\/requintemarcenaria.com\/?page_id=15","og_locale":"pt_BR","og_type":"article","og_title":"Projetos - Requinte Marcenaria","og_description":"Projetos Nossos projetos Inspira\u00e7\u00e3o para seu pr\u00f3ximo projeto https:\/\/requintemarcenaria.com\/wp-content\/uploads\/2025\/09\/WhatsApp-Video-2025-08-28-at-19.00.09.mp4https:\/\/requintemarcenaria.com\/wp-content\/uploads\/2025\/09\/WhatsApp-Video-2025-08-28-at-18.49.57.mp4https:\/\/requintemarcenaria.com\/wp-content\/uploads\/2025\/09\/WhatsApp-Video-2025-08-28-at-18.58.14.mp4https:\/\/requintemarcenaria.com\/wp-content\/uploads\/2025\/09\/WhatsApp-Video-2025-08-28-at-19.00.09.mp4https:\/\/requintemarcenaria.com\/wp-content\/uploads\/2025\/09\/WhatsApp-Video-2025-08-28-at-18.49.57.mp4https:\/\/requintemarcenaria.com\/wp-content\/uploads\/2025\/09\/WhatsApp-Video-2025-08-28-at-18.58.14.mp4","og_url":"https:\/\/requintemarcenaria.com\/?page_id=15","og_site_name":"Requinte Marcenaria","article_modified_time":"2025-09-11T11:30:20+00:00","twitter_card":"summary_large_image","twitter_misc":{"Est. tempo de leitura":"2 minutos"},"schema":{"@context":"https:\/\/schema.org","@graph":[{"@type":"WebPage","@id":"https:\/\/requintemarcenaria.com\/?page_id=15","url":"https:\/\/requintemarcenaria.com\/?page_id=15","name":"Projetos - Requinte Marcenaria","isPartOf":{"@id":"https:\/\/requintemarcenaria.com\/#website"},"datePublished":"2025-07-22T13:19:36+00:00","dateModified":"2025-09-11T11:30:20+00:00","breadcrumb":{"@id":"https:\/\/requintemarcenaria.com\/?page_id=15#breadcrumb"},"inLanguage":"pt-BR","potentialAction":[{"@type":"ReadAction","target":["https:\/\/requintemarcenaria.com\/?page_id=15"]}]},{"@type":"BreadcrumbList","@id":"https:\/\/requintemarcenaria.com\/?page_id=15#breadcrumb","itemListElement":[{"@type":"ListItem","position":1,"name":"In\u00edcio","item":"https:\/\/requintemarcenaria.com\/"},{"@type":"ListItem","position":2,"name":"Projetos"}]},{"@type":"WebSite","@id":"https:\/\/requintemarcenaria.com\/#website","url":"https:\/\/requintemarcenaria.com\/","name":"Requinte Marcenaria","description":"","publisher":{"@id":"https:\/\/requintemarcenaria.com\/#organization"},"potentialAction":[{"@type":"SearchAction","target":{"@type":"EntryPoint","urlTemplate":"https:\/\/requintemarcenaria.com\/?s={search_term_string}"},"query-input":{"@type":"PropertyValueSpecification","valueRequired":true,"valueName":"search_term_string"}}],"inLanguage":"pt-BR"},{"@type":"Organization","@id":"https:\/\/requintemarcenaria.com\/#organization","name":"Requinte Marcenaria","url":"https:\/\/requintemarcenaria.com\/","logo":{"@type":"ImageObject","inLanguage":"pt-BR","@id":"https:\/\/requintemarcenaria.com\/#\/schema\/logo\/image\/","url":"https:\/\/requintemarcenaria.com\/wp-content\/uploads\/2025\/07\/LogoRequinte.png","contentUrl":"https:\/\/requintemarcenaria.com\/wp-content\/uploads\/2025\/07\/LogoRequinte.png","width":320,"height":320,"caption":"Requinte Marcenaria"},"image":{"@id":"https:\/\/requintemarcenaria.com\/#\/schema\/logo\/image\/"}}]}},"_links":{"self":[{"href":"https:\/\/requintemarcenaria.com\/index.php?rest_route=\/wp\/v2\/pages\/15","targetHints":{"allow":["GET"]}}],"collection":[{"href":"https:\/\/requintemarcenaria.com\/index.php?rest_route=\/wp\/v2\/pages"}],"about":[{"href":"https:\/\/requintemarcenaria.com\/index.php?rest_route=\/wp\/v2\/types\/page"}],"author":[{"embeddable":true,"href":"https:\/\/requintemarcenaria.com\/index.php?rest_route=\/wp\/v2\/users\/1"}],"replies":[{"embeddable":true,"href":"https:\/\/requintemarcenaria.com\/index.php?rest_route=%2Fwp%2Fv2%2Fcomments&post=15"}],"version-history":[{"count":10,"href":"https:\/\/requintemarcenaria.com\/index.php?rest_route=\/wp\/v2\/pages\/15\/revisions"}],"predecessor-version":[{"id":3130,"href":"https:\/\/requintemarcenaria.com\/index.php?rest_route=\/wp\/v2\/pages\/15\/revisions\/3130"}],"wp:attachment":[{"href":"https:\/\/requintemarcenaria.com\/index.php?rest_route=%2Fwp%2Fv2%2Fmedia&parent=15"}],"curies":[{"name":"wp","href":"https:\/\/api.w.org\/{rel}","templated":true}]}}