{"id":9,"date":"2025-07-22T13:19:35","date_gmt":"2025-07-22T13:19:35","guid":{"rendered":"https:\/\/requintemarcenaria.com\/about\/"},"modified":"2025-09-11T11:30:01","modified_gmt":"2025-09-11T11:30:01","slug":"sobre-nos","status":"publish","type":"page","link":"https:\/\/requintemarcenaria.com\/?page_id=9","title":{"rendered":"Sobre n\u00f3s"},"content":{"rendered":"\t\t<div data-elementor-type=\"wp-page\" data-elementor-id=\"9\" class=\"elementor elementor-9\">\n\t\t\t\t<div class=\"elementor-element elementor-element-98a421e e-flex e-con-boxed e-con e-parent\" data-id=\"98a421e\" data-element_type=\"container\" data-settings=\"{&quot;background_background&quot;:&quot;classic&quot;}\">\n\t\t\t\t\t<div class=\"e-con-inner\">\n\t\t<div class=\"elementor-element elementor-element-80d3247 e-con-full e-flex e-con e-child\" data-id=\"80d3247\" data-element_type=\"container\">\n\t\t\t\t<div class=\"elementor-element elementor-element-3021605 elementor-widget elementor-widget-heading\" data-id=\"3021605\" data-element_type=\"widget\" data-widget_type=\"heading.default\">\n\t\t\t\t<div class=\"elementor-widget-container\">\n\t\t\t\t\t<h1 class=\"elementor-heading-title elementor-size-default\">Sobre n\u00f3s<\/h1>\t\t\t\t<\/div>\n\t\t\t\t<\/div>\n\t\t\t\t<\/div>\n\t\t\t\t\t<\/div>\n\t\t\t\t<\/div>\n\t\t<div class=\"elementor-element elementor-element-1c2d7cb e-flex e-con-boxed e-con e-parent\" data-id=\"1c2d7cb\" data-element_type=\"container\" data-settings=\"{&quot;background_background&quot;:&quot;classic&quot;}\">\n\t\t\t\t\t<div class=\"e-con-inner\">\n\t\t<div class=\"elementor-element elementor-element-a88364f e-con-full e-flex e-con e-child\" data-id=\"a88364f\" data-element_type=\"container\" data-settings=\"{&quot;background_background&quot;:&quot;classic&quot;}\">\n\t\t\t\t<div class=\"elementor-element elementor-element-fc90709 elementor-widget elementor-widget-image\" data-id=\"fc90709\" data-element_type=\"widget\" data-widget_type=\"image.default\">\n\t\t\t\t<div class=\"elementor-widget-container\">\n\t\t\t\t\t\t\t\t\t\t\t\t\t\t\t<img fetchpriority=\"high\" decoding=\"async\" width=\"1408\" height=\"768\" src=\"https:\/\/requintemarcenaria.com\/wp-content\/uploads\/2025\/07\/plantaDeMovel.png\" class=\"elementor-animation-float attachment-full size-full wp-image-2848\" alt=\"plantademovel\" srcset=\"https:\/\/requintemarcenaria.com\/wp-content\/uploads\/2025\/07\/plantaDeMovel.png 1408w, https:\/\/requintemarcenaria.com\/wp-content\/uploads\/2025\/07\/plantaDeMovel-300x164.png 300w, https:\/\/requintemarcenaria.com\/wp-content\/uploads\/2025\/07\/plantaDeMovel-1024x559.png 1024w, https:\/\/requintemarcenaria.com\/wp-content\/uploads\/2025\/07\/plantaDeMovel-768x419.png 768w\" sizes=\"(max-width: 1408px) 100vw, 1408px\" \/>\t\t\t\t\t\t\t\t\t\t\t\t\t\t\t<\/div>\n\t\t\t\t<\/div>\n\t\t\t\t<\/div>\n\t\t\t\t\t<\/div>\n\t\t\t\t<\/div>\n\t\t<div class=\"elementor-element elementor-element-b4db61d e-flex e-con-boxed e-con e-parent\" data-id=\"b4db61d\" data-element_type=\"container\" data-settings=\"{&quot;background_background&quot;:&quot;classic&quot;}\">\n\t\t\t\t\t<div class=\"e-con-inner\">\n\t\t<div class=\"elementor-element elementor-element-88e45cd e-con-full e-flex e-con e-child\" data-id=\"88e45cd\" data-element_type=\"container\">\n\t\t\t\t<div class=\"elementor-element elementor-element-7471de9 elementor-widget elementor-widget-heading\" data-id=\"7471de9\" data-element_type=\"widget\" data-widget_type=\"heading.default\">\n\t\t\t\t<div class=\"elementor-widget-container\">\n\t\t\t\t\t<h2 class=\"elementor-heading-title elementor-size-default\">Sobre a Requinte Marcenaria<\/h2>\t\t\t\t<\/div>\n\t\t\t\t<\/div>\n\t\t\t\t<div class=\"elementor-element elementor-element-e959883 elementor-widget elementor-widget-hfe-infocard\" data-id=\"e959883\" data-element_type=\"widget\" data-widget_type=\"hfe-infocard.default\">\n\t\t\t\t<div class=\"elementor-widget-container\">\n\t\t\t\t\t\n\t\t<div class=\"hfe-infocard\">\n\t\t\t\t\t\t\t\t\t<div class=\"hfe-infocard-text-wrap\">\n\t\t\t\t<div class=\"hfe-infocard-text elementor-inline-editing\" data-elementor-setting-key=\"infocard_description\" data-elementor-inline-editing-toolbar=\"advanced\">\n\t\t\t\t\t<p>Requinte Marcenaria esta desde 2015 trabalhando com m\u00f3veis planejados e fornecendo um excelente servi\u00e7o, nossa qualidade \u00e9 comprovada por diversas avalia\u00e7\u00f5es e feedbacks fornecidos pelos nossos clientes atrav\u00e9s das nossas redes sociais e tamb\u00e9m no google.<\/p><p>Trabalhamos com material de qualidade e sempre buscamos tornar nossos projetos cada vez mais acess\u00edveis a nossos clientes, para conquistar cada vez mais nosso publico.<\/p>\t\t\t\t<\/div>\n\t\t\t\t\t\t\t<\/div>\n\t\t<\/div>\n\n\t\t\t\t\t\t<\/div>\n\t\t\t\t<\/div>\n\t\t\t\t<\/div>\n\t\t\t\t\t<\/div>\n\t\t\t\t<\/div>\n\t\t<div class=\"elementor-element elementor-element-b42cdb2 e-flex e-con-boxed e-con e-parent\" data-id=\"b42cdb2\" data-element_type=\"container\" data-settings=\"{&quot;background_background&quot;:&quot;classic&quot;}\">\n\t\t\t\t\t<div class=\"e-con-inner\">\n\t\t<div class=\"elementor-element elementor-element-1df0d2d e-con-full e-flex e-con e-child\" data-id=\"1df0d2d\" data-element_type=\"container\">\n\t\t\t\t<div class=\"elementor-element elementor-element-90b8767 elementor-widget elementor-widget-heading\" data-id=\"90b8767\" data-element_type=\"widget\" data-widget_type=\"heading.default\">\n\t\t\t\t<div class=\"elementor-widget-container\">\n\t\t\t\t\t<h3 class=\"elementor-heading-title elementor-size-default\">Por que nos escolher<\/h3>\t\t\t\t<\/div>\n\t\t\t\t<\/div>\n\t\t<div class=\"elementor-element elementor-element-c532336 e-flex e-con-boxed e-con e-child\" data-id=\"c532336\" data-element_type=\"container\">\n\t\t\t\t\t<div class=\"e-con-inner\">\n\t\t<div class=\"elementor-element elementor-element-3d12d83 e-con-full e-flex e-con e-child\" data-id=\"3d12d83\" data-element_type=\"container\" data-settings=\"{&quot;background_background&quot;:&quot;classic&quot;}\">\n\t\t\t\t<div class=\"elementor-element elementor-element-104019d elementor-view-default elementor-position-block-start elementor-mobile-position-block-start elementor-widget elementor-widget-icon-box\" data-id=\"104019d\" data-element_type=\"widget\" data-widget_type=\"icon-box.default\">\n\t\t\t\t<div class=\"elementor-widget-container\">\n\t\t\t\t\t\t\t<div class=\"elementor-icon-box-wrapper\">\n\n\t\t\t\t\t\t<div class=\"elementor-icon-box-icon\">\n\t\t\t\t<span  class=\"elementor-icon\">\n\t\t\t\t<i aria-hidden=\"true\" class=\"far fa-check-circle\"><\/i>\t\t\t\t<\/span>\n\t\t\t<\/div>\n\t\t\t\n\t\t\t\t\t\t<div class=\"elementor-icon-box-content\">\n\n\t\t\t\t\t\t\t\t\t<h6 class=\"elementor-icon-box-title\">\n\t\t\t\t\t\t<span  >\n\t\t\t\t\t\t\tParcelamento sem juros\t\t\t\t\t\t<\/span>\n\t\t\t\t\t<\/h6>\n\t\t\t\t\n\t\t\t\t\t\t\t\t\t<p class=\"elementor-icon-box-description\">\n\t\t\t\t\t\tParcele seus m\u00f3veis no boleto sem juros conosco.\t\t\t\t\t<\/p>\n\t\t\t\t\n\t\t\t<\/div>\n\t\t\t\n\t\t<\/div>\n\t\t\t\t\t\t<\/div>\n\t\t\t\t<\/div>\n\t\t\t\t<\/div>\n\t\t<div class=\"elementor-element elementor-element-3d4c89e e-con-full e-flex e-con e-child\" data-id=\"3d4c89e\" data-element_type=\"container\" data-settings=\"{&quot;background_background&quot;:&quot;classic&quot;}\">\n\t\t\t\t<div class=\"elementor-element elementor-element-ffdb0cf elementor-view-default elementor-position-block-start elementor-mobile-position-block-start elementor-widget elementor-widget-icon-box\" data-id=\"ffdb0cf\" data-element_type=\"widget\" data-widget_type=\"icon-box.default\">\n\t\t\t\t<div class=\"elementor-widget-container\">\n\t\t\t\t\t\t\t<div class=\"elementor-icon-box-wrapper\">\n\n\t\t\t\t\t\t<div class=\"elementor-icon-box-icon\">\n\t\t\t\t<span  class=\"elementor-icon\">\n\t\t\t\t<i aria-hidden=\"true\" class=\"fas fa-user-shield\"><\/i>\t\t\t\t<\/span>\n\t\t\t<\/div>\n\t\t\t\n\t\t\t\t\t\t<div class=\"elementor-icon-box-content\">\n\n\t\t\t\t\t\t\t\t\t<h6 class=\"elementor-icon-box-title\">\n\t\t\t\t\t\t<span  >\n\t\t\t\t\t\t\tGarantia de qualidade\t\t\t\t\t\t<\/span>\n\t\t\t\t\t<\/h6>\n\t\t\t\t\n\t\t\t\t\t\t\t\t\t<p class=\"elementor-icon-box-description\">\n\t\t\t\t\t\tGarantimos a qualidade dos nossos produtos e projetos\t\t\t\t\t<\/p>\n\t\t\t\t\n\t\t\t<\/div>\n\t\t\t\n\t\t<\/div>\n\t\t\t\t\t\t<\/div>\n\t\t\t\t<\/div>\n\t\t\t\t<\/div>\n\t\t<div class=\"elementor-element elementor-element-31308ab e-con-full e-flex e-con e-child\" data-id=\"31308ab\" data-element_type=\"container\" data-settings=\"{&quot;background_background&quot;:&quot;classic&quot;}\">\n\t\t\t\t<div class=\"elementor-element elementor-element-4761226 elementor-view-default elementor-position-block-start elementor-mobile-position-block-start elementor-widget elementor-widget-icon-box\" data-id=\"4761226\" data-element_type=\"widget\" data-widget_type=\"icon-box.default\">\n\t\t\t\t<div class=\"elementor-widget-container\">\n\t\t\t\t\t\t\t<div class=\"elementor-icon-box-wrapper\">\n\n\t\t\t\t\t\t<div class=\"elementor-icon-box-icon\">\n\t\t\t\t<span  class=\"elementor-icon\">\n\t\t\t\t<i aria-hidden=\"true\" class=\"fas fa-hard-hat\"><\/i>\t\t\t\t<\/span>\n\t\t\t<\/div>\n\t\t\t\n\t\t\t\t\t\t<div class=\"elementor-icon-box-content\">\n\n\t\t\t\t\t\t\t\t\t<h6 class=\"elementor-icon-box-title\">\n\t\t\t\t\t\t<span  >\n\t\t\t\t\t\t\tMaterial de qualidade\t\t\t\t\t\t<\/span>\n\t\t\t\t\t<\/h6>\n\t\t\t\t\n\t\t\t\t\t\t\t\t\t<p class=\"elementor-icon-box-description\">\n\t\t\t\t\t\tMaterial de qualidade testada e comprovada, para melhor experi\u00eancia.\t\t\t\t\t<\/p>\n\t\t\t\t\n\t\t\t<\/div>\n\t\t\t\n\t\t<\/div>\n\t\t\t\t\t\t<\/div>\n\t\t\t\t<\/div>\n\t\t\t\t<\/div>\n\t\t\t\t\t<\/div>\n\t\t\t\t<\/div>\n\t\t\t\t<\/div>\n\t\t\t\t\t<\/div>\n\t\t\t\t<\/div>\n\t\t\t\t<\/div>\n\t\t","protected":false},"excerpt":{"rendered":"<p>Sobre n\u00f3s Sobre a Requinte Marcenaria Requinte Marcenaria esta desde 2015 trabalhando com m\u00f3veis planejados e fornecendo um excelente servi\u00e7o, nossa qualidade \u00e9 comprovada por diversas avalia\u00e7\u00f5es e feedbacks fornecidos pelos nossos clientes atrav\u00e9s das nossas redes sociais e tamb\u00e9m no google. Trabalhamos com material de qualidade e sempre buscamos tornar nossos projetos cada vez [&hellip;]<\/p>\n","protected":false},"author":1,"featured_media":0,"parent":0,"menu_order":0,"comment_status":"closed","ping_status":"closed","template":"","meta":{"site-sidebar-layout":"no-sidebar","site-content-layout":"page-builder","ast-site-content-layout":"default","site-content-style":"default","site-sidebar-style":"default","ast-global-header-display":"","ast-banner-title-visibility":"","ast-main-header-display":"","ast-hfb-above-header-display":"","ast-hfb-below-header-display":"","ast-hfb-mobile-header-display":"","site-post-title":"disabled","ast-breadcrumbs-content":"disabled","ast-featured-img":"disabled","footer-sml-layout":"","theme-transparent-header-meta":"enabled","adv-header-id-meta":"","stick-header-meta":"","header-above-stick-meta":"","header-main-stick-meta":"","header-below-stick-meta":"","astra-migrate-meta-layouts":"default","ast-page-background-enabled":"default","ast-page-background-meta":{"desktop":{"background-color":"","background-image":"","background-repeat":"repeat","background-position":"center center","background-size":"auto","background-attachment":"scroll","background-type":"","background-media":"","overlay-type":"","overlay-color":"","overlay-opacity":"","overlay-gradient":""},"tablet":{"background-color":"","background-image":"","background-repeat":"repeat","background-position":"center center","background-size":"auto","background-attachment":"scroll","background-type":"","background-media":"","overlay-type":"","overlay-color":"","overlay-opacity":"","overlay-gradient":""},"mobile":{"background-color":"","background-image":"","background-repeat":"repeat","background-position":"center center","background-size":"auto","background-attachment":"scroll","background-type":"","background-media":"","overlay-type":"","overlay-color":"","overlay-opacity":"","overlay-gradient":""}},"ast-content-background-meta":{"desktop":{"background-color":"var(--ast-global-color-5)","background-image":"","background-repeat":"repeat","background-position":"center center","background-size":"auto","background-attachment":"scroll","background-type":"","background-media":"","overlay-type":"","overlay-color":"","overlay-opacity":"","overlay-gradient":""},"tablet":{"background-color":"var(--ast-global-color-5)","background-image":"","background-repeat":"repeat","background-position":"center center","background-size":"auto","background-attachment":"scroll","background-type":"","background-media":"","overlay-type":"","overlay-color":"","overlay-opacity":"","overlay-gradient":""},"mobile":{"background-color":"var(--ast-global-color-5)","background-image":"","background-repeat":"repeat","background-position":"center center","background-size":"auto","background-attachment":"scroll","background-type":"","background-media":"","overlay-type":"","overlay-color":"","overlay-opacity":"","overlay-gradient":""}},"footnotes":""},"class_list":["post-9","page","type-page","status-publish","hentry"],"yoast_head":"<!-- This site is optimized with the Yoast SEO plugin v26.8 - https:\/\/yoast.com\/product\/yoast-seo-wordpress\/ -->\n<title>Sobre n\u00f3s - Requinte Marcenaria<\/title>\n<meta name=\"robots\" content=\"index, follow, max-snippet:-1, max-image-preview:large, max-video-preview:-1\" \/>\n<link rel=\"canonical\" href=\"https:\/\/requintemarcenaria.com\/?page_id=9\" \/>\n<meta property=\"og:locale\" content=\"pt_BR\" \/>\n<meta property=\"og:type\" content=\"article\" \/>\n<meta property=\"og:title\" content=\"Sobre n\u00f3s - Requinte Marcenaria\" \/>\n<meta property=\"og:description\" content=\"Sobre n\u00f3s Sobre a Requinte Marcenaria Requinte Marcenaria esta desde 2015 trabalhando com m\u00f3veis planejados e fornecendo um excelente servi\u00e7o, nossa qualidade \u00e9 comprovada por diversas avalia\u00e7\u00f5es e feedbacks fornecidos pelos nossos clientes atrav\u00e9s das nossas redes sociais e tamb\u00e9m no google. Trabalhamos com material de qualidade e sempre buscamos tornar nossos projetos cada vez [&hellip;]\" \/>\n<meta property=\"og:url\" content=\"https:\/\/requintemarcenaria.com\/?page_id=9\" \/>\n<meta property=\"og:site_name\" content=\"Requinte Marcenaria\" \/>\n<meta property=\"article:modified_time\" content=\"2025-09-11T11:30:01+00:00\" \/>\n<meta property=\"og:image\" content=\"https:\/\/requintemarcenaria.com\/wp-content\/uploads\/2025\/07\/plantaDeMovel.png\" \/>\n\t<meta property=\"og:image:width\" content=\"1408\" \/>\n\t<meta property=\"og:image:height\" content=\"768\" \/>\n\t<meta property=\"og:image:type\" content=\"image\/png\" \/>\n<meta name=\"twitter:card\" content=\"summary_large_image\" \/>\n<meta name=\"twitter:label1\" content=\"Est. tempo de leitura\" \/>\n\t<meta name=\"twitter:data1\" content=\"3 minutos\" \/>\n<script type=\"application\/ld+json\" class=\"yoast-schema-graph\">{\"@context\":\"https:\/\/schema.org\",\"@graph\":[{\"@type\":\"WebPage\",\"@id\":\"https:\/\/requintemarcenaria.com\/?page_id=9\",\"url\":\"https:\/\/requintemarcenaria.com\/?page_id=9\",\"name\":\"Sobre n\u00f3s - Requinte Marcenaria\",\"isPartOf\":{\"@id\":\"https:\/\/requintemarcenaria.com\/#website\"},\"primaryImageOfPage\":{\"@id\":\"https:\/\/requintemarcenaria.com\/?page_id=9#primaryimage\"},\"image\":{\"@id\":\"https:\/\/requintemarcenaria.com\/?page_id=9#primaryimage\"},\"thumbnailUrl\":\"https:\/\/requintemarcenaria.com\/wp-content\/uploads\/2025\/07\/plantaDeMovel.png\",\"datePublished\":\"2025-07-22T13:19:35+00:00\",\"dateModified\":\"2025-09-11T11:30:01+00:00\",\"breadcrumb\":{\"@id\":\"https:\/\/requintemarcenaria.com\/?page_id=9#breadcrumb\"},\"inLanguage\":\"pt-BR\",\"potentialAction\":[{\"@type\":\"ReadAction\",\"target\":[\"https:\/\/requintemarcenaria.com\/?page_id=9\"]}]},{\"@type\":\"ImageObject\",\"inLanguage\":\"pt-BR\",\"@id\":\"https:\/\/requintemarcenaria.com\/?page_id=9#primaryimage\",\"url\":\"https:\/\/requintemarcenaria.com\/wp-content\/uploads\/2025\/07\/plantaDeMovel.png\",\"contentUrl\":\"https:\/\/requintemarcenaria.com\/wp-content\/uploads\/2025\/07\/plantaDeMovel.png\",\"width\":1408,\"height\":768,\"caption\":\"plantademovel\"},{\"@type\":\"BreadcrumbList\",\"@id\":\"https:\/\/requintemarcenaria.com\/?page_id=9#breadcrumb\",\"itemListElement\":[{\"@type\":\"ListItem\",\"position\":1,\"name\":\"In\u00edcio\",\"item\":\"https:\/\/requintemarcenaria.com\/\"},{\"@type\":\"ListItem\",\"position\":2,\"name\":\"Sobre n\u00f3s\"}]},{\"@type\":\"WebSite\",\"@id\":\"https:\/\/requintemarcenaria.com\/#website\",\"url\":\"https:\/\/requintemarcenaria.com\/\",\"name\":\"Requinte Marcenaria\",\"description\":\"\",\"publisher\":{\"@id\":\"https:\/\/requintemarcenaria.com\/#organization\"},\"potentialAction\":[{\"@type\":\"SearchAction\",\"target\":{\"@type\":\"EntryPoint\",\"urlTemplate\":\"https:\/\/requintemarcenaria.com\/?s={search_term_string}\"},\"query-input\":{\"@type\":\"PropertyValueSpecification\",\"valueRequired\":true,\"valueName\":\"search_term_string\"}}],\"inLanguage\":\"pt-BR\"},{\"@type\":\"Organization\",\"@id\":\"https:\/\/requintemarcenaria.com\/#organization\",\"name\":\"Requinte Marcenaria\",\"url\":\"https:\/\/requintemarcenaria.com\/\",\"logo\":{\"@type\":\"ImageObject\",\"inLanguage\":\"pt-BR\",\"@id\":\"https:\/\/requintemarcenaria.com\/#\/schema\/logo\/image\/\",\"url\":\"https:\/\/requintemarcenaria.com\/wp-content\/uploads\/2025\/07\/LogoRequinte.png\",\"contentUrl\":\"https:\/\/requintemarcenaria.com\/wp-content\/uploads\/2025\/07\/LogoRequinte.png\",\"width\":320,\"height\":320,\"caption\":\"Requinte Marcenaria\"},\"image\":{\"@id\":\"https:\/\/requintemarcenaria.com\/#\/schema\/logo\/image\/\"}}]}<\/script>\n<!-- \/ Yoast SEO plugin. -->","yoast_head_json":{"title":"Sobre n\u00f3s - Requinte Marcenaria","robots":{"index":"index","follow":"follow","max-snippet":"max-snippet:-1","max-image-preview":"max-image-preview:large","max-video-preview":"max-video-preview:-1"},"canonical":"https:\/\/requintemarcenaria.com\/?page_id=9","og_locale":"pt_BR","og_type":"article","og_title":"Sobre n\u00f3s - Requinte Marcenaria","og_description":"Sobre n\u00f3s Sobre a Requinte Marcenaria Requinte Marcenaria esta desde 2015 trabalhando com m\u00f3veis planejados e fornecendo um excelente servi\u00e7o, nossa qualidade \u00e9 comprovada por diversas avalia\u00e7\u00f5es e feedbacks fornecidos pelos nossos clientes atrav\u00e9s das nossas redes sociais e tamb\u00e9m no google. Trabalhamos com material de qualidade e sempre buscamos tornar nossos projetos cada vez [&hellip;]","og_url":"https:\/\/requintemarcenaria.com\/?page_id=9","og_site_name":"Requinte Marcenaria","article_modified_time":"2025-09-11T11:30:01+00:00","og_image":[{"width":1408,"height":768,"url":"https:\/\/requintemarcenaria.com\/wp-content\/uploads\/2025\/07\/plantaDeMovel.png","type":"image\/png"}],"twitter_card":"summary_large_image","twitter_misc":{"Est. tempo de leitura":"3 minutos"},"schema":{"@context":"https:\/\/schema.org","@graph":[{"@type":"WebPage","@id":"https:\/\/requintemarcenaria.com\/?page_id=9","url":"https:\/\/requintemarcenaria.com\/?page_id=9","name":"Sobre n\u00f3s - Requinte Marcenaria","isPartOf":{"@id":"https:\/\/requintemarcenaria.com\/#website"},"primaryImageOfPage":{"@id":"https:\/\/requintemarcenaria.com\/?page_id=9#primaryimage"},"image":{"@id":"https:\/\/requintemarcenaria.com\/?page_id=9#primaryimage"},"thumbnailUrl":"https:\/\/requintemarcenaria.com\/wp-content\/uploads\/2025\/07\/plantaDeMovel.png","datePublished":"2025-07-22T13:19:35+00:00","dateModified":"2025-09-11T11:30:01+00:00","breadcrumb":{"@id":"https:\/\/requintemarcenaria.com\/?page_id=9#breadcrumb"},"inLanguage":"pt-BR","potentialAction":[{"@type":"ReadAction","target":["https:\/\/requintemarcenaria.com\/?page_id=9"]}]},{"@type":"ImageObject","inLanguage":"pt-BR","@id":"https:\/\/requintemarcenaria.com\/?page_id=9#primaryimage","url":"https:\/\/requintemarcenaria.com\/wp-content\/uploads\/2025\/07\/plantaDeMovel.png","contentUrl":"https:\/\/requintemarcenaria.com\/wp-content\/uploads\/2025\/07\/plantaDeMovel.png","width":1408,"height":768,"caption":"plantademovel"},{"@type":"BreadcrumbList","@id":"https:\/\/requintemarcenaria.com\/?page_id=9#breadcrumb","itemListElement":[{"@type":"ListItem","position":1,"name":"In\u00edcio","item":"https:\/\/requintemarcenaria.com\/"},{"@type":"ListItem","position":2,"name":"Sobre n\u00f3s"}]},{"@type":"WebSite","@id":"https:\/\/requintemarcenaria.com\/#website","url":"https:\/\/requintemarcenaria.com\/","name":"Requinte Marcenaria","description":"","publisher":{"@id":"https:\/\/requintemarcenaria.com\/#organization"},"potentialAction":[{"@type":"SearchAction","target":{"@type":"EntryPoint","urlTemplate":"https:\/\/requintemarcenaria.com\/?s={search_term_string}"},"query-input":{"@type":"PropertyValueSpecification","valueRequired":true,"valueName":"search_term_string"}}],"inLanguage":"pt-BR"},{"@type":"Organization","@id":"https:\/\/requintemarcenaria.com\/#organization","name":"Requinte Marcenaria","url":"https:\/\/requintemarcenaria.com\/","logo":{"@type":"ImageObject","inLanguage":"pt-BR","@id":"https:\/\/requintemarcenaria.com\/#\/schema\/logo\/image\/","url":"https:\/\/requintemarcenaria.com\/wp-content\/uploads\/2025\/07\/LogoRequinte.png","contentUrl":"https:\/\/requintemarcenaria.com\/wp-content\/uploads\/2025\/07\/LogoRequinte.png","width":320,"height":320,"caption":"Requinte Marcenaria"},"image":{"@id":"https:\/\/requintemarcenaria.com\/#\/schema\/logo\/image\/"}}]}},"_links":{"self":[{"href":"https:\/\/requintemarcenaria.com\/index.php?rest_route=\/wp\/v2\/pages\/9","targetHints":{"allow":["GET"]}}],"collection":[{"href":"https:\/\/requintemarcenaria.com\/index.php?rest_route=\/wp\/v2\/pages"}],"about":[{"href":"https:\/\/requintemarcenaria.com\/index.php?rest_route=\/wp\/v2\/types\/page"}],"author":[{"embeddable":true,"href":"https:\/\/requintemarcenaria.com\/index.php?rest_route=\/wp\/v2\/users\/1"}],"replies":[{"embeddable":true,"href":"https:\/\/requintemarcenaria.com\/index.php?rest_route=%2Fwp%2Fv2%2Fcomments&post=9"}],"version-history":[{"count":25,"href":"https:\/\/requintemarcenaria.com\/index.php?rest_route=\/wp\/v2\/pages\/9\/revisions"}],"predecessor-version":[{"id":3128,"href":"https:\/\/requintemarcenaria.com\/index.php?rest_route=\/wp\/v2\/pages\/9\/revisions\/3128"}],"wp:attachment":[{"href":"https:\/\/requintemarcenaria.com\/index.php?rest_route=%2Fwp%2Fv2%2Fmedia&parent=9"}],"curies":[{"name":"wp","href":"https:\/\/api.w.org\/{rel}","templated":true}]}}